{"id":149,"date":"2024-05-28T17:32:49","date_gmt":"2024-05-28T17:32:49","guid":{"rendered":"https:\/\/fans.rotoline.com\/?page_id=149"},"modified":"2024-05-29T18:49:39","modified_gmt":"2024-05-29T18:49:39","slug":"contato","status":"publish","type":"page","link":"https:\/\/fans.rotoline.com\/es\/contato\/","title":{"rendered":"Contacto"},"content":{"rendered":"<div data-elementor-type=\"wp-page\" data-elementor-id=\"149\" class=\"elementor elementor-149\" data-elementor-post-type=\"page\">\n\t\t\t\t<div class=\"elementor-element elementor-element-cba0a9f e-flex e-con-boxed e-con e-parent\" data-id=\"cba0a9f\" data-element_type=\"container\" data-e-type=\"container\" data-settings=\"{&quot;background_background&quot;:&quot;classic&quot;}\">\n\t\t\t\t\t<div class=\"e-con-inner\">\n\t\t<div class=\"elementor-element elementor-element-3eddad7 e-con-full e-flex e-con e-child\" data-id=\"3eddad7\" data-element_type=\"container\" data-e-type=\"container\">\n\t\t\t\t<div class=\"elementor-element elementor-element-6b9ba06 elementor-widget elementor-widget-heading\" data-id=\"6b9ba06\" data-element_type=\"widget\" data-e-type=\"widget\" data-widget_type=\"heading.default\">\n\t\t\t\t<div class=\"elementor-widget-container\">\n\t\t\t\t\t<h1 class=\"elementor-heading-title elementor-size-default\">Ordene uno <br>presupuesto<\/h1>\t\t\t\t<\/div>\n\t\t\t\t<\/div>\n\t\t\t\t<div class=\"elementor-element elementor-element-72ed8cc elementor-widget__width-initial elementor-widget-mobile__width-inherit elementor-widget elementor-widget-heading\" data-id=\"72ed8cc\" data-element_type=\"widget\" data-e-type=\"widget\" data-widget_type=\"heading.default\">\n\t\t\t\t<div class=\"elementor-widget-container\">\n\t\t\t\t\t<h2 class=\"elementor-heading-title elementor-size-default\">Y disfruta de todos los beneficios de los ventiladores rotoline.<\/h2>\t\t\t\t<\/div>\n\t\t\t\t<\/div>\n\t\t\t\t<\/div>\n\t\t<div class=\"elementor-element elementor-element-9e4da6d e-con-full e-flex e-con e-child\" data-id=\"9e4da6d\" data-element_type=\"container\" data-e-type=\"container\">\n\t\t\t\t<div class=\"elementor-element elementor-element-1133ddc elementor-button-align-stretch elementor-widget elementor-widget-form\" data-id=\"1133ddc\" data-element_type=\"widget\" data-e-type=\"widget\" data-settings=\"{&quot;step_next_label&quot;:&quot;Pr\\u00f3ximo&quot;,&quot;step_previous_label&quot;:&quot;Anterior&quot;,&quot;button_width&quot;:&quot;100&quot;,&quot;step_type&quot;:&quot;number_text&quot;,&quot;step_icon_shape&quot;:&quot;circle&quot;}\" data-widget_type=\"form.default\">\n\t\t\t\t<div class=\"elementor-widget-container\">\n\t\t\t\t\t\t\t<form class=\"elementor-form\" method=\"post\" name=\"orcamento-ventiladores\" aria-label=\"orcamento-ventiladores\" action=\"\">\n\t\t\t<input type=\"hidden\" name=\"post_id\" value=\"149\"\/>\n\t\t\t<input type=\"hidden\" name=\"form_id\" value=\"1133ddc\"\/>\n\t\t\t<input type=\"hidden\" name=\"referer_title\" value=\"Contato - Ventiladores Rotoline\" \/>\n\n\t\t\t\t\t\t\t<input type=\"hidden\" name=\"queried_id\" value=\"149\"\/>\n\t\t\t\n\t\t\t<div class=\"elementor-form-fields-wrapper elementor-labels-above\">\n\t\t\t\t\t\t\t\t<div class=\"elementor-field-type-text elementor-field-group elementor-column elementor-field-group-nome elementor-col-100 elementor-field-required\">\n\t\t\t\t\t\t\t\t\t\t\t\t<label for=\"form-field-nome\" class=\"elementor-field-label\">\n\t\t\t\t\t\t\t\tNombre\t\t\t\t\t\t\t<\/label>\n\t\t\t\t\t\t\t\t\t\t\t\t\t\t<input size=\"1\" type=\"text\" name=\"form_fields[nome]\" id=\"form-field-nome\" class=\"elementor-field elementor-size-sm  elementor-field-textual\" placeholder=\"Nombre\" required=\"required\">\n\t\t\t\t\t\t\t\t\t\t\t<\/div>\n\t\t\t\t\t\t\t\t<div class=\"elementor-field-type-email elementor-field-group elementor-column elementor-field-group-email elementor-col-100 elementor-field-required\">\n\t\t\t\t\t\t\t\t\t\t\t\t<label for=\"form-field-email\" class=\"elementor-field-label\">\n\t\t\t\t\t\t\t\tE-mail\t\t\t\t\t\t\t<\/label>\n\t\t\t\t\t\t\t\t\t\t\t\t\t\t<input size=\"1\" type=\"email\" name=\"form_fields[email]\" id=\"form-field-email\" class=\"elementor-field elementor-size-sm  elementor-field-textual\" placeholder=\"E-mail\" required=\"required\">\n\t\t\t\t\t\t\t\t\t\t\t<\/div>\n\t\t\t\t\t\t\t\t<div class=\"elementor-field-type-number elementor-field-group elementor-column elementor-field-group-telefone elementor-col-100 elementor-field-required\">\n\t\t\t\t\t\t\t\t\t\t\t\t<label for=\"form-field-telefone\" class=\"elementor-field-label\">\n\t\t\t\t\t\t\t\tTel\u00e9fono\t\t\t\t\t\t\t<\/label>\n\t\t\t\t\t\t\t\t\t<input type=\"number\" name=\"form_fields[telefone]\" id=\"form-field-telefone\" class=\"elementor-field elementor-size-sm  elementor-field-textual\" placeholder=\"Tel\u00e9fono\" required=\"required\" min=\"\" max=\"\" >\n\t\t\t\t\t\t<\/div>\n\t\t\t\t\t\t\t\t<div class=\"elementor-field-type-text elementor-field-group elementor-column elementor-field-group-empresa elementor-col-100\">\n\t\t\t\t\t\t\t\t\t\t\t\t<label for=\"form-field-empresa\" class=\"elementor-field-label\">\n\t\t\t\t\t\t\t\tEmpresa\t\t\t\t\t\t\t<\/label>\n\t\t\t\t\t\t\t\t\t\t\t\t\t\t<input size=\"1\" type=\"text\" name=\"form_fields[empresa]\" id=\"form-field-empresa\" class=\"elementor-field elementor-size-sm  elementor-field-textual\" placeholder=\"Empresa\">\n\t\t\t\t\t\t\t\t\t\t\t<\/div>\n\t\t\t\t\t\t\t\t<div class=\"elementor-field-type-text elementor-field-group elementor-column elementor-field-group-pais elementor-col-50 elementor-field-required\">\n\t\t\t\t\t\t\t\t\t\t\t\t<label for=\"form-field-pais\" class=\"elementor-field-label\">\n\t\t\t\t\t\t\t\tPa\u00eds\t\t\t\t\t\t\t<\/label>\n\t\t\t\t\t\t\t\t\t\t\t\t\t\t<input size=\"1\" type=\"text\" name=\"form_fields[pais]\" id=\"form-field-pais\" class=\"elementor-field elementor-size-sm  elementor-field-textual\" placeholder=\"Pa\u00eds\" required=\"required\">\n\t\t\t\t\t\t\t\t\t\t\t<\/div>\n\t\t\t\t\t\t\t\t<div class=\"elementor-field-type-text elementor-field-group elementor-column elementor-field-group-cidade elementor-col-50 elementor-field-required\">\n\t\t\t\t\t\t\t\t\t\t\t\t<label for=\"form-field-cidade\" class=\"elementor-field-label\">\n\t\t\t\t\t\t\t\tCiudad\t\t\t\t\t\t\t<\/label>\n\t\t\t\t\t\t\t\t\t\t\t\t\t\t<input size=\"1\" type=\"text\" name=\"form_fields[cidade]\" id=\"form-field-cidade\" class=\"elementor-field elementor-size-sm  elementor-field-textual\" placeholder=\"Ciudad\" required=\"required\">\n\t\t\t\t\t\t\t\t\t\t\t<\/div>\n\t\t\t\t\t\t\t\t<div class=\"elementor-field-type-textarea elementor-field-group elementor-column elementor-field-group-mensagem elementor-col-100\">\n\t\t\t\t\t\t\t\t\t\t\t\t<label for=\"form-field-mensagem\" class=\"elementor-field-label\">\n\t\t\t\t\t\t\t\tMensaje\t\t\t\t\t\t\t<\/label>\n\t\t\t\t\t\t<textarea class=\"elementor-field-textual elementor-field  elementor-size-sm\" name=\"form_fields[mensagem]\" id=\"form-field-mensagem\" rows=\"4\" placeholder=\"Mensaje\"><\/textarea>\t\t\t\t<\/div>\n\t\t\t\t\t\t\t\t<div class=\"elementor-field-group elementor-column elementor-field-type-submit elementor-col-100 e-form__buttons\">\n\t\t\t\t\t<button class=\"elementor-button elementor-size-sm\" type=\"submit\">\n\t\t\t\t\t\t<span class=\"elementor-button-content-wrapper\">\n\t\t\t\t\t\t\t\t\t\t\t\t\t\t\t\t\t\t\t\t\t\t<span class=\"elementor-button-text\">SOLICITAR PRESUPUESTO<\/span>\n\t\t\t\t\t\t\t\t\t\t\t\t\t<\/span>\n\t\t\t\t\t<\/button>\n\t\t\t\t<\/div>\n\t\t\t<\/div>\n\t\t<input type=\"hidden\" name=\"trp-form-language\" value=\"es\"\/><\/form>\n\t\t\t\t\t\t<\/div>\n\t\t\t\t<\/div>\n\t\t\t\t<\/div>\n\t\t\t\t\t<\/div>\n\t\t\t\t<\/div>\n\t\t\t\t<\/div>","protected":false},"excerpt":{"rendered":"<p>Pe\u00e7a um or\u00e7amento E aproveite todos os benef\u00edcios dos ventiladores rotoline<\/p>","protected":false},"author":5,"featured_media":0,"parent":0,"menu_order":0,"comment_status":"closed","ping_status":"closed","template":"elementor_header_footer","meta":{"footnotes":""},"class_list":["post-149","page","type-page","status-publish","hentry"],"yoast_head":"<!-- This site is optimized with the Yoast SEO plugin v27.5 - https:\/\/yoast.com\/product\/yoast-seo-wordpress\/ -->\n<title>Contato - Ventiladores Rotoline<\/title>\n<meta name=\"robots\" content=\"index, follow, max-snippet:-1, max-image-preview:large, max-video-preview:-1\" \/>\n<link rel=\"canonical\" href=\"https:\/\/fans.rotoline.com\/es\/contato\/\" \/>\n<meta property=\"og:locale\" content=\"es_ES\" \/>\n<meta property=\"og:type\" content=\"article\" \/>\n<meta property=\"og:title\" content=\"Contato - Ventiladores Rotoline\" \/>\n<meta property=\"og:description\" content=\"Pe\u00e7a um or\u00e7amento E aproveite todos os benef\u00edcios dos ventiladores rotoline\" \/>\n<meta property=\"og:url\" content=\"https:\/\/fans.rotoline.com\/es\/contato\/\" \/>\n<meta property=\"og:site_name\" content=\"Ventiladores Rotoline\" \/>\n<meta property=\"article:modified_time\" content=\"2024-05-29T18:49:39+00:00\" \/>\n<meta name=\"twitter:card\" content=\"summary_large_image\" \/>\n<meta name=\"twitter:label1\" content=\"Tiempo de lectura\" \/>\n\t<meta name=\"twitter:data1\" content=\"1 minuto\" \/>\n<script type=\"application\/ld+json\" class=\"yoast-schema-graph\">{\"@context\":\"https:\\\/\\\/schema.org\",\"@graph\":[{\"@type\":\"WebPage\",\"@id\":\"https:\\\/\\\/fans.rotoline.com\\\/contato\\\/\",\"url\":\"https:\\\/\\\/fans.rotoline.com\\\/contato\\\/\",\"name\":\"Contato - Ventiladores Rotoline\",\"isPartOf\":{\"@id\":\"https:\\\/\\\/fans.rotoline.com\\\/#website\"},\"datePublished\":\"2024-05-28T17:32:49+00:00\",\"dateModified\":\"2024-05-29T18:49:39+00:00\",\"breadcrumb\":{\"@id\":\"https:\\\/\\\/fans.rotoline.com\\\/contato\\\/#breadcrumb\"},\"inLanguage\":\"es\",\"potentialAction\":[{\"@type\":\"ReadAction\",\"target\":[\"https:\\\/\\\/fans.rotoline.com\\\/contato\\\/\"]}]},{\"@type\":\"BreadcrumbList\",\"@id\":\"https:\\\/\\\/fans.rotoline.com\\\/contato\\\/#breadcrumb\",\"itemListElement\":[{\"@type\":\"ListItem\",\"position\":1,\"name\":\"Home\",\"item\":\"https:\\\/\\\/fans.rotoline.com\\\/\"},{\"@type\":\"ListItem\",\"position\":2,\"name\":\"Contato\"}]},{\"@type\":\"WebSite\",\"@id\":\"https:\\\/\\\/fans.rotoline.com\\\/#website\",\"url\":\"https:\\\/\\\/fans.rotoline.com\\\/\",\"name\":\"Ventiladores Rotoline\",\"description\":\"Ventiladores Rotoline\",\"publisher\":{\"@id\":\"https:\\\/\\\/fans.rotoline.com\\\/#organization\"},\"potentialAction\":[{\"@type\":\"SearchAction\",\"target\":{\"@type\":\"EntryPoint\",\"urlTemplate\":\"https:\\\/\\\/fans.rotoline.com\\\/?s={search_term_string}\"},\"query-input\":{\"@type\":\"PropertyValueSpecification\",\"valueRequired\":true,\"valueName\":\"search_term_string\"}}],\"inLanguage\":\"es\"},{\"@type\":\"Organization\",\"@id\":\"https:\\\/\\\/fans.rotoline.com\\\/#organization\",\"name\":\"Ventiladores Rotoline\",\"url\":\"https:\\\/\\\/fans.rotoline.com\\\/\",\"logo\":{\"@type\":\"ImageObject\",\"inLanguage\":\"es\",\"@id\":\"https:\\\/\\\/fans.rotoline.com\\\/#\\\/schema\\\/logo\\\/image\\\/\",\"url\":\"https:\\\/\\\/fans.rotoline.com\\\/wp-content\\\/uploads\\\/2024\\\/05\\\/logo-rotoline.png\",\"contentUrl\":\"https:\\\/\\\/fans.rotoline.com\\\/wp-content\\\/uploads\\\/2024\\\/05\\\/logo-rotoline.png\",\"width\":336,\"height\":85,\"caption\":\"Ventiladores Rotoline\"},\"image\":{\"@id\":\"https:\\\/\\\/fans.rotoline.com\\\/#\\\/schema\\\/logo\\\/image\\\/\"}}]}<\/script>\n<!-- \/ Yoast SEO plugin. -->","yoast_head_json":{"title":"Contato - Ventiladores Rotoline","robots":{"index":"index","follow":"follow","max-snippet":"max-snippet:-1","max-image-preview":"max-image-preview:large","max-video-preview":"max-video-preview:-1"},"canonical":"https:\/\/fans.rotoline.com\/es\/contato\/","og_locale":"es_ES","og_type":"article","og_title":"Contato - Ventiladores Rotoline","og_description":"Pe\u00e7a um or\u00e7amento E aproveite todos os benef\u00edcios dos ventiladores rotoline","og_url":"https:\/\/fans.rotoline.com\/es\/contato\/","og_site_name":"Ventiladores Rotoline","article_modified_time":"2024-05-29T18:49:39+00:00","twitter_card":"summary_large_image","twitter_misc":{"Tiempo de lectura":"1 minuto"},"schema":{"@context":"https:\/\/schema.org","@graph":[{"@type":"WebPage","@id":"https:\/\/fans.rotoline.com\/contato\/","url":"https:\/\/fans.rotoline.com\/contato\/","name":"Contato - Ventiladores Rotoline","isPartOf":{"@id":"https:\/\/fans.rotoline.com\/#website"},"datePublished":"2024-05-28T17:32:49+00:00","dateModified":"2024-05-29T18:49:39+00:00","breadcrumb":{"@id":"https:\/\/fans.rotoline.com\/contato\/#breadcrumb"},"inLanguage":"es","potentialAction":[{"@type":"ReadAction","target":["https:\/\/fans.rotoline.com\/contato\/"]}]},{"@type":"BreadcrumbList","@id":"https:\/\/fans.rotoline.com\/contato\/#breadcrumb","itemListElement":[{"@type":"ListItem","position":1,"name":"Home","item":"https:\/\/fans.rotoline.com\/"},{"@type":"ListItem","position":2,"name":"Contato"}]},{"@type":"WebSite","@id":"https:\/\/fans.rotoline.com\/#website","url":"https:\/\/fans.rotoline.com\/","name":"Ventiladores Rotoline","description":"Ventiladores Rotoline","publisher":{"@id":"https:\/\/fans.rotoline.com\/#organization"},"potentialAction":[{"@type":"SearchAction","target":{"@type":"EntryPoint","urlTemplate":"https:\/\/fans.rotoline.com\/?s={search_term_string}"},"query-input":{"@type":"PropertyValueSpecification","valueRequired":true,"valueName":"search_term_string"}}],"inLanguage":"es"},{"@type":"Organization","@id":"https:\/\/fans.rotoline.com\/#organization","name":"Ventiladores Rotoline","url":"https:\/\/fans.rotoline.com\/","logo":{"@type":"ImageObject","inLanguage":"es","@id":"https:\/\/fans.rotoline.com\/#\/schema\/logo\/image\/","url":"https:\/\/fans.rotoline.com\/wp-content\/uploads\/2024\/05\/logo-rotoline.png","contentUrl":"https:\/\/fans.rotoline.com\/wp-content\/uploads\/2024\/05\/logo-rotoline.png","width":336,"height":85,"caption":"Ventiladores Rotoline"},"image":{"@id":"https:\/\/fans.rotoline.com\/#\/schema\/logo\/image\/"}}]}},"_links":{"self":[{"href":"https:\/\/fans.rotoline.com\/es\/wp-json\/wp\/v2\/pages\/149","targetHints":{"allow":["GET"]}}],"collection":[{"href":"https:\/\/fans.rotoline.com\/es\/wp-json\/wp\/v2\/pages"}],"about":[{"href":"https:\/\/fans.rotoline.com\/es\/wp-json\/wp\/v2\/types\/page"}],"author":[{"embeddable":true,"href":"https:\/\/fans.rotoline.com\/es\/wp-json\/wp\/v2\/users\/5"}],"replies":[{"embeddable":true,"href":"https:\/\/fans.rotoline.com\/es\/wp-json\/wp\/v2\/comments?post=149"}],"version-history":[{"count":22,"href":"https:\/\/fans.rotoline.com\/es\/wp-json\/wp\/v2\/pages\/149\/revisions"}],"predecessor-version":[{"id":274,"href":"https:\/\/fans.rotoline.com\/es\/wp-json\/wp\/v2\/pages\/149\/revisions\/274"}],"wp:attachment":[{"href":"https:\/\/fans.rotoline.com\/es\/wp-json\/wp\/v2\/media?parent=149"}],"curies":[{"name":"wp","href":"https:\/\/api.w.org\/{rel}","templated":true}]}}